{"id":163,"date":"2026-03-17T11:13:52","date_gmt":"2026-03-17T11:13:52","guid":{"rendered":"https:\/\/hallagolf.com\/?page_id=163"},"modified":"2026-03-23T18:18:54","modified_gmt":"2026-03-23T18:18:54","slug":"info-2","status":"publish","type":"page","link":"https:\/\/hallagolf.com\/index.php\/fi\/info-2\/","title":{"rendered":"Info"},"content":{"rendered":"\t\t<div data-elementor-type=\"wp-page\" data-elementor-id=\"163\" class=\"elementor elementor-163\">\n\t\t\t\t<div class=\"elementor-element elementor-element-3f73b4a e-flex e-con-boxed e-con e-parent\" data-id=\"3f73b4a\" data-element_type=\"container\" data-e-type=\"container\">\n\t\t\t\t\t<div class=\"e-con-inner\">\n\t\t\t\t<div class=\"elementor-element elementor-element-d717efb elementor-widget elementor-widget-heading\" data-id=\"d717efb\" data-element_type=\"widget\" data-e-type=\"widget\" data-widget_type=\"heading.default\">\n\t\t\t\t<div class=\"elementor-widget-container\">\n\t\t\t\t\t<h2 class=\"elementor-heading-title elementor-size-default\">Halla Putter \u2013 Biljardip\u00f6yd\u00e4lt\u00e4 viheri\u00f6lle<\/h2>\t\t\t\t<\/div>\n\t\t\t\t<\/div>\n\t\t\t\t<div class=\"elementor-element elementor-element-9fc9a0b elementor-widget elementor-widget-image\" data-id=\"9fc9a0b\" data-element_type=\"widget\" data-e-type=\"widget\" data-widget_type=\"image.default\">\n\t\t\t\t<div class=\"elementor-widget-container\">\n\t\t\t\t\t\t\t\t\t\t\t\t\t\t\t<img fetchpriority=\"high\" decoding=\"async\" width=\"768\" height=\"321\" src=\"https:\/\/hallagolf.com\/wp-content\/uploads\/2026\/03\/Golf_C-1-768x321.jpg\" class=\"attachment-medium_large size-medium_large wp-image-301\" alt=\"\" srcset=\"https:\/\/hallagolf.com\/wp-content\/uploads\/2026\/03\/Golf_C-1-768x321.jpg 768w, https:\/\/hallagolf.com\/wp-content\/uploads\/2026\/03\/Golf_C-1-300x125.jpg 300w, https:\/\/hallagolf.com\/wp-content\/uploads\/2026\/03\/Golf_C-1.jpg 1024w\" sizes=\"(max-width: 768px) 100vw, 768px\" \/>\t\t\t\t\t\t\t\t\t\t\t\t\t\t\t<\/div>\n\t\t\t\t<\/div>\n\t\t\t\t\t<\/div>\n\t\t\t\t<\/div>\n\t\t<div class=\"elementor-element elementor-element-b0c6bec e-flex e-con-boxed e-con e-parent\" data-id=\"b0c6bec\" data-element_type=\"container\" data-e-type=\"container\">\n\t\t\t\t\t<div class=\"e-con-inner\">\n\t\t<div class=\"elementor-element elementor-element-cf42312 e-con-full e-flex e-con e-child\" data-id=\"cf42312\" data-element_type=\"container\" data-e-type=\"container\">\n\t\t\t\t<div class=\"elementor-element elementor-element-16c8b4a elementor-widget elementor-widget-text-editor\" data-id=\"16c8b4a\" data-element_type=\"widget\" data-e-type=\"widget\" data-widget_type=\"text-editor.default\">\n\t\t\t\t<div class=\"elementor-widget-container\">\n\t\t\t\t\t\t\t\t\t<blockquote data-path-to-node=\"12\"><p data-path-to-node=\"12,0\"><b data-path-to-node=\"12,0\" data-index-in-node=\"0\">Mist\u00e4 kaikki alkoi?<\/b> Halla Golf syntyi intohimosta lajiin ja turhautumisesta siihen, ettei markkinoilta l\u00f6ytynyt putteria, joka todella mukautuisi pelaajan luonnolliseen liikeeseen. Idea Halla putteriin syntyi yll\u00e4tt\u00e4v\u00e4st\u00e4 paikasta: biljardip\u00f6yd\u00e4n \u00e4\u00e4relt\u00e4.<\/p><p data-path-to-node=\"12,1\">Huomasimme, kuinka biljardimailan suora ja tarkka voimansiirto palloon on avainasemassa. Halusimme tuoda t\u00e4m\u00e4n saman vakautetun osuman golfviheri\u00f6ille.<\/p><p data-path-to-node=\"12,2\"><b data-path-to-node=\"12,2\" data-index-in-node=\"0\">Suomalaista innovaatiota<\/b> Halla ei ole vain putteri \u2013 se on insin\u00f6\u00f6ritaidon taidonn\u00e4yte. Yhdistimme 3D-tulostetun rakenteen ja perinteisen metallin sorvauksen luodaksemme ytimen, joka pit\u00e4\u00e4 lavan vakaana osumassa. Jokainen maila suunnitellaan ja valmistetaan Suomessa, laadusta tinkim\u00e4tt\u00e4.<\/p><p data-path-to-node=\"12,3\">Me uskomme, ett\u00e4 putterin pit\u00e4\u00e4 mukautua pelaajaan, ei p\u00e4invastoin. Siksi loimme markkinoiden monik\u00e4ytt\u00f6isimm\u00e4n s\u00e4\u00e4t\u00f6mekanismin, joka sopii jokaiselle \u2013 k\u00e4tisyydest\u00e4 tai tyylist\u00e4 riippumatta.<\/p><\/blockquote>\t\t\t\t\t\t\t\t<\/div>\n\t\t\t\t<\/div>\n\t\t\t\t<div class=\"elementor-element elementor-element-cd99f36 elementor-align-center elementor-widget elementor-widget-button\" data-id=\"cd99f36\" data-element_type=\"widget\" data-e-type=\"widget\" data-widget_type=\"button.default\">\n\t\t\t\t<div class=\"elementor-widget-container\">\n\t\t\t\t\t\t\t\t\t<div class=\"elementor-button-wrapper\">\n\t\t\t\t\t<a class=\"elementor-button elementor-button-link elementor-size-sm\" href=\"mailto:info@hallagolf.com\">\n\t\t\t\t\t\t<span class=\"elementor-button-content-wrapper\">\n\t\t\t\t\t\t\t\t\t<span class=\"elementor-button-text\">Ota yhteytt\u00e4 ja kysy lis\u00e4\u00e4<\/span>\n\t\t\t\t\t<\/span>\n\t\t\t\t\t<\/a>\n\t\t\t\t<\/div>\n\t\t\t\t\t\t\t\t<\/div>\n\t\t\t\t<\/div>\n\t\t\t\t<\/div>\n\t\t<div class=\"elementor-element elementor-element-3e38b1b e-con-full e-flex e-con e-child\" data-id=\"3e38b1b\" data-element_type=\"container\" data-e-type=\"container\">\n\t\t\t\t<div class=\"elementor-element elementor-element-8e8481a elementor-widget elementor-widget-image\" data-id=\"8e8481a\" data-element_type=\"widget\" data-e-type=\"widget\" data-widget_type=\"image.default\">\n\t\t\t\t<div class=\"elementor-widget-container\">\n\t\t\t\t\t\t\t\t\t\t\t\t\t\t\t<img decoding=\"async\" width=\"800\" height=\"684\" src=\"https:\/\/hallagolf.com\/wp-content\/uploads\/2026\/03\/Halla_info2.1-1024x876.jpg\" class=\"attachment-large size-large wp-image-168\" alt=\"\" srcset=\"https:\/\/hallagolf.com\/wp-content\/uploads\/2026\/03\/Halla_info2.1-1024x876.jpg 1024w, https:\/\/hallagolf.com\/wp-content\/uploads\/2026\/03\/Halla_info2.1-300x257.jpg 300w, https:\/\/hallagolf.com\/wp-content\/uploads\/2026\/03\/Halla_info2.1-768x657.jpg 768w, https:\/\/hallagolf.com\/wp-content\/uploads\/2026\/03\/Halla_info2.1-1536x1314.jpg 1536w, https:\/\/hallagolf.com\/wp-content\/uploads\/2026\/03\/Halla_info2.1.jpg 1982w\" sizes=\"(max-width: 800px) 100vw, 800px\" \/>\t\t\t\t\t\t\t\t\t\t\t\t\t\t\t<\/div>\n\t\t\t\t<\/div>\n\t\t\t\t<\/div>\n\t\t\t\t\t<\/div>\n\t\t\t\t<\/div>\n\t\t<div class=\"elementor-element elementor-element-5e961af e-flex e-con-boxed e-con e-parent\" data-id=\"5e961af\" data-element_type=\"container\" data-e-type=\"container\" id=\"ennakkotilaus\">\n\t\t\t\t\t<div class=\"e-con-inner\">\n\t\t\t\t<div class=\"elementor-element elementor-element-5beb373 elementor-widget elementor-widget-heading\" data-id=\"5beb373\" data-element_type=\"widget\" data-e-type=\"widget\" id=\"ennakkotilaus\" data-widget_type=\"heading.default\">\n\t\t\t\t<div class=\"elementor-widget-container\">\n\t\t\t\t\t<h2 class=\"elementor-heading-title elementor-size-default\">Halla golf - Ennakkotilaukset<\/h2>\t\t\t\t<\/div>\n\t\t\t\t<\/div>\n\t\t\t\t<div class=\"elementor-element elementor-element-39e086d elementor-widget elementor-widget-text-editor\" data-id=\"39e086d\" data-element_type=\"widget\" data-e-type=\"widget\" data-widget_type=\"text-editor.default\">\n\t\t\t\t<div class=\"elementor-widget-container\">\n\t\t\t\t\t\t\t\t\t<p>Verkkokauppamme avautuu pian. Voit kuitenkin varmistaa omasi ja tilata Halla -putterin ennakkoon ottamalla meihin yhteytt\u00e4 s\u00e4hk\u00f6postilla.<\/p>\t\t\t\t\t\t\t\t<\/div>\n\t\t\t\t<\/div>\n\t\t\t\t<div class=\"elementor-element elementor-element-eaa1470 elementor-align-center elementor-widget elementor-widget-button\" data-id=\"eaa1470\" data-element_type=\"widget\" data-e-type=\"widget\" data-widget_type=\"button.default\">\n\t\t\t\t<div class=\"elementor-widget-container\">\n\t\t\t\t\t\t\t\t\t<div class=\"elementor-button-wrapper\">\n\t\t\t\t\t<a class=\"elementor-button elementor-button-link elementor-size-sm\" href=\"mailto:info@hallagolf.com\">\n\t\t\t\t\t\t<span class=\"elementor-button-content-wrapper\">\n\t\t\t\t\t\t\t\t\t<span class=\"elementor-button-text\">Tee tilaus<\/span>\n\t\t\t\t\t<\/span>\n\t\t\t\t\t<\/a>\n\t\t\t\t<\/div>\n\t\t\t\t\t\t\t\t<\/div>\n\t\t\t\t<\/div>\n\t\t\t\t\t<\/div>\n\t\t\t\t<\/div>\n\t\t<div class=\"elementor-element elementor-element-b914d3a e-flex e-con-boxed e-con e-parent\" data-id=\"b914d3a\" data-element_type=\"container\" data-e-type=\"container\">\n\t\t\t\t\t<div class=\"e-con-inner\">\n\t\t\t\t\t<\/div>\n\t\t\t\t<\/div>\n\t\t\t\t<\/div>\n\t\t","protected":false},"excerpt":{"rendered":"<p>Halla Putter \u2013 Biljardip\u00f6yd\u00e4lt\u00e4 viheri\u00f6lle Mist\u00e4 kaikki alkoi? Halla Golf syntyi intohimosta lajiin ja turhautumisesta siihen, ettei markkinoilta l\u00f6ytynyt putteria, joka todella mukautuisi pelaajan luonnolliseen liikeeseen. Idea Halla putteriin syntyi yll\u00e4tt\u00e4v\u00e4st\u00e4 paikasta: biljardip\u00f6yd\u00e4n \u00e4\u00e4relt\u00e4. Huomasimme, kuinka biljardimailan suora ja tarkka voimansiirto palloon on avainasemassa. Halusimme tuoda t\u00e4m\u00e4n saman vakautetun osuman golfviheri\u00f6ille. Suomalaista innovaatiota Halla ei [&hellip;]<\/p>\n","protected":false},"author":1,"featured_media":0,"parent":0,"menu_order":0,"comment_status":"closed","ping_status":"closed","template":"","meta":{"footnotes":""},"class_list":["post-163","page","type-page","status-publish","hentry"],"yoast_head":"<!-- This site is optimized with the Yoast SEO plugin v27.4 - https:\/\/yoast.com\/product\/yoast-seo-wordpress\/ -->\n<title>Info -<\/title>\n<meta name=\"robots\" content=\"index, follow, max-snippet:-1, max-image-preview:large, max-video-preview:-1\" \/>\n<link rel=\"canonical\" href=\"https:\/\/hallagolf.com\/index.php\/fi\/info-2\/\" \/>\n<meta property=\"og:locale\" content=\"fi_FI\" \/>\n<meta property=\"og:type\" content=\"article\" \/>\n<meta property=\"og:title\" content=\"Info -\" \/>\n<meta property=\"og:description\" content=\"Halla Putter \u2013 Biljardip\u00f6yd\u00e4lt\u00e4 viheri\u00f6lle Mist\u00e4 kaikki alkoi? Halla Golf syntyi intohimosta lajiin ja turhautumisesta siihen, ettei markkinoilta l\u00f6ytynyt putteria, joka todella mukautuisi pelaajan luonnolliseen liikeeseen. Idea Halla putteriin syntyi yll\u00e4tt\u00e4v\u00e4st\u00e4 paikasta: biljardip\u00f6yd\u00e4n \u00e4\u00e4relt\u00e4. Huomasimme, kuinka biljardimailan suora ja tarkka voimansiirto palloon on avainasemassa. Halusimme tuoda t\u00e4m\u00e4n saman vakautetun osuman golfviheri\u00f6ille. Suomalaista innovaatiota Halla ei [&hellip;]\" \/>\n<meta property=\"og:url\" content=\"https:\/\/hallagolf.com\/index.php\/fi\/info-2\/\" \/>\n<meta property=\"article:modified_time\" content=\"2026-03-23T18:18:54+00:00\" \/>\n<meta property=\"og:image\" content=\"https:\/\/hallagolf.com\/wp-content\/uploads\/2026\/03\/Golf_C-1-768x321.jpg\" \/>\n<meta name=\"twitter:card\" content=\"summary_large_image\" \/>\n<meta name=\"twitter:label1\" content=\"Arvioitu lukuaika\" \/>\n\t<meta name=\"twitter:data1\" content=\"2 minuuttia\" \/>\n<script type=\"application\/ld+json\" class=\"yoast-schema-graph\">{\"@context\":\"https:\\\/\\\/schema.org\",\"@graph\":[{\"@type\":\"WebPage\",\"@id\":\"https:\\\/\\\/hallagolf.com\\\/index.php\\\/fi\\\/info-2\\\/\",\"url\":\"https:\\\/\\\/hallagolf.com\\\/index.php\\\/fi\\\/info-2\\\/\",\"name\":\"Info -\",\"isPartOf\":{\"@id\":\"https:\\\/\\\/hallagolf.com\\\/#website\"},\"primaryImageOfPage\":{\"@id\":\"https:\\\/\\\/hallagolf.com\\\/index.php\\\/fi\\\/info-2\\\/#primaryimage\"},\"image\":{\"@id\":\"https:\\\/\\\/hallagolf.com\\\/index.php\\\/fi\\\/info-2\\\/#primaryimage\"},\"thumbnailUrl\":\"https:\\\/\\\/hallagolf.com\\\/wp-content\\\/uploads\\\/2026\\\/03\\\/Golf_C-1-768x321.jpg\",\"datePublished\":\"2026-03-17T11:13:52+00:00\",\"dateModified\":\"2026-03-23T18:18:54+00:00\",\"breadcrumb\":{\"@id\":\"https:\\\/\\\/hallagolf.com\\\/index.php\\\/fi\\\/info-2\\\/#breadcrumb\"},\"inLanguage\":\"fi\",\"potentialAction\":[{\"@type\":\"ReadAction\",\"target\":[\"https:\\\/\\\/hallagolf.com\\\/index.php\\\/fi\\\/info-2\\\/\"]}]},{\"@type\":\"ImageObject\",\"inLanguage\":\"fi\",\"@id\":\"https:\\\/\\\/hallagolf.com\\\/index.php\\\/fi\\\/info-2\\\/#primaryimage\",\"url\":\"https:\\\/\\\/hallagolf.com\\\/wp-content\\\/uploads\\\/2026\\\/03\\\/Golf_C-1.jpg\",\"contentUrl\":\"https:\\\/\\\/hallagolf.com\\\/wp-content\\\/uploads\\\/2026\\\/03\\\/Golf_C-1.jpg\",\"width\":1024,\"height\":428},{\"@type\":\"BreadcrumbList\",\"@id\":\"https:\\\/\\\/hallagolf.com\\\/index.php\\\/fi\\\/info-2\\\/#breadcrumb\",\"itemListElement\":[{\"@type\":\"ListItem\",\"position\":1,\"name\":\"Etusivu\",\"item\":\"https:\\\/\\\/hallagolf.com\\\/index.php\\\/fi\\\/info-2\\\/\"},{\"@type\":\"ListItem\",\"position\":2,\"name\":\"Info\"}]},{\"@type\":\"WebSite\",\"@id\":\"https:\\\/\\\/hallagolf.com\\\/#website\",\"url\":\"https:\\\/\\\/hallagolf.com\\\/\",\"name\":\"\",\"description\":\"\",\"potentialAction\":[{\"@type\":\"SearchAction\",\"target\":{\"@type\":\"EntryPoint\",\"urlTemplate\":\"https:\\\/\\\/hallagolf.com\\\/?s={search_term_string}\"},\"query-input\":{\"@type\":\"PropertyValueSpecification\",\"valueRequired\":true,\"valueName\":\"search_term_string\"}}],\"inLanguage\":\"fi\"}]}<\/script>\n<!-- \/ Yoast SEO plugin. -->","yoast_head_json":{"title":"Info -","robots":{"index":"index","follow":"follow","max-snippet":"max-snippet:-1","max-image-preview":"max-image-preview:large","max-video-preview":"max-video-preview:-1"},"canonical":"https:\/\/hallagolf.com\/index.php\/fi\/info-2\/","og_locale":"fi_FI","og_type":"article","og_title":"Info -","og_description":"Halla Putter \u2013 Biljardip\u00f6yd\u00e4lt\u00e4 viheri\u00f6lle Mist\u00e4 kaikki alkoi? Halla Golf syntyi intohimosta lajiin ja turhautumisesta siihen, ettei markkinoilta l\u00f6ytynyt putteria, joka todella mukautuisi pelaajan luonnolliseen liikeeseen. Idea Halla putteriin syntyi yll\u00e4tt\u00e4v\u00e4st\u00e4 paikasta: biljardip\u00f6yd\u00e4n \u00e4\u00e4relt\u00e4. Huomasimme, kuinka biljardimailan suora ja tarkka voimansiirto palloon on avainasemassa. Halusimme tuoda t\u00e4m\u00e4n saman vakautetun osuman golfviheri\u00f6ille. Suomalaista innovaatiota Halla ei [&hellip;]","og_url":"https:\/\/hallagolf.com\/index.php\/fi\/info-2\/","article_modified_time":"2026-03-23T18:18:54+00:00","og_image":[{"url":"https:\/\/hallagolf.com\/wp-content\/uploads\/2026\/03\/Golf_C-1-768x321.jpg","type":"","width":"","height":""}],"twitter_card":"summary_large_image","twitter_misc":{"Arvioitu lukuaika":"2 minuuttia"},"schema":{"@context":"https:\/\/schema.org","@graph":[{"@type":"WebPage","@id":"https:\/\/hallagolf.com\/index.php\/fi\/info-2\/","url":"https:\/\/hallagolf.com\/index.php\/fi\/info-2\/","name":"Info -","isPartOf":{"@id":"https:\/\/hallagolf.com\/#website"},"primaryImageOfPage":{"@id":"https:\/\/hallagolf.com\/index.php\/fi\/info-2\/#primaryimage"},"image":{"@id":"https:\/\/hallagolf.com\/index.php\/fi\/info-2\/#primaryimage"},"thumbnailUrl":"https:\/\/hallagolf.com\/wp-content\/uploads\/2026\/03\/Golf_C-1-768x321.jpg","datePublished":"2026-03-17T11:13:52+00:00","dateModified":"2026-03-23T18:18:54+00:00","breadcrumb":{"@id":"https:\/\/hallagolf.com\/index.php\/fi\/info-2\/#breadcrumb"},"inLanguage":"fi","potentialAction":[{"@type":"ReadAction","target":["https:\/\/hallagolf.com\/index.php\/fi\/info-2\/"]}]},{"@type":"ImageObject","inLanguage":"fi","@id":"https:\/\/hallagolf.com\/index.php\/fi\/info-2\/#primaryimage","url":"https:\/\/hallagolf.com\/wp-content\/uploads\/2026\/03\/Golf_C-1.jpg","contentUrl":"https:\/\/hallagolf.com\/wp-content\/uploads\/2026\/03\/Golf_C-1.jpg","width":1024,"height":428},{"@type":"BreadcrumbList","@id":"https:\/\/hallagolf.com\/index.php\/fi\/info-2\/#breadcrumb","itemListElement":[{"@type":"ListItem","position":1,"name":"Etusivu","item":"https:\/\/hallagolf.com\/index.php\/fi\/info-2\/"},{"@type":"ListItem","position":2,"name":"Info"}]},{"@type":"WebSite","@id":"https:\/\/hallagolf.com\/#website","url":"https:\/\/hallagolf.com\/","name":"","description":"","potentialAction":[{"@type":"SearchAction","target":{"@type":"EntryPoint","urlTemplate":"https:\/\/hallagolf.com\/?s={search_term_string}"},"query-input":{"@type":"PropertyValueSpecification","valueRequired":true,"valueName":"search_term_string"}}],"inLanguage":"fi"}]}},"_links":{"self":[{"href":"https:\/\/hallagolf.com\/index.php\/wp-json\/wp\/v2\/pages\/163","targetHints":{"allow":["GET"]}}],"collection":[{"href":"https:\/\/hallagolf.com\/index.php\/wp-json\/wp\/v2\/pages"}],"about":[{"href":"https:\/\/hallagolf.com\/index.php\/wp-json\/wp\/v2\/types\/page"}],"author":[{"embeddable":true,"href":"https:\/\/hallagolf.com\/index.php\/wp-json\/wp\/v2\/users\/1"}],"replies":[{"embeddable":true,"href":"https:\/\/hallagolf.com\/index.php\/wp-json\/wp\/v2\/comments?post=163"}],"version-history":[{"count":41,"href":"https:\/\/hallagolf.com\/index.php\/wp-json\/wp\/v2\/pages\/163\/revisions"}],"predecessor-version":[{"id":304,"href":"https:\/\/hallagolf.com\/index.php\/wp-json\/wp\/v2\/pages\/163\/revisions\/304"}],"wp:attachment":[{"href":"https:\/\/hallagolf.com\/index.php\/wp-json\/wp\/v2\/media?parent=163"}],"curies":[{"name":"wp","href":"https:\/\/api.w.org\/{rel}","templated":true}]}}